{"id":1416,"date":"2025-06-29T14:48:02","date_gmt":"2025-06-29T14:48:02","guid":{"rendered":"https:\/\/zoelsoulful.com\/?page_id=1416"},"modified":"2025-08-01T05:40:31","modified_gmt":"2025-08-01T05:40:31","slug":"emotion-code","status":"publish","type":"page","link":"https:\/\/zoelsoulful.com\/index.php\/emotion-code\/","title":{"rendered":"Emotion Code"},"content":{"rendered":"\n<h2 class=\"wp-block-heading\"><strong>Emotion Code \u2013 Gi\u1ea3i ph\u00f3ng c\u1ea3m x\u00fac m\u1eafc k\u1eb9t, kh\u01a1i m\u1edf s\u1ee9c s\u1ed1ng t\u1eeb b\u00ean trong<\/strong><\/h2>\n\n\n\n<h3 class=\"wp-block-heading\"><strong>1. C\u1ea3m x\u00fac m\u1eafc k\u1eb9t (Trapped Emotion) l\u00e0 g\u00ec?<\/strong><\/h3>\n\n\n\n<p>Trong su\u1ed1t cu\u1ed9c \u0111\u1eddi, ch\u00fang ta kh\u00f4ng ng\u1eebng tr\u1ea3i qua nh\u1eefng c\u1ea3m x\u00fac ti\u00eau c\u1ef1c nh\u01b0 bu\u1ed3n b\u00e3, gi\u1eadn d\u1eef, s\u1ee3 h\u00e3i, t\u1ed5n th\u01b0\u01a1ng, th\u1ea5t v\u1ecdng&#8230; M\u1ed7i c\u1ea3m x\u00fac \u0111\u1ec1u l\u00e0 m\u1ed9t d\u1ea1ng n\u0103ng l\u01b0\u1ee3ng. Khi nh\u1eefng c\u1ea3m x\u00fac n\u00e0y kh\u00f4ng \u0111\u01b0\u1ee3c x\u1eed l\u00fd tr\u1ecdn v\u1eb9n t\u1ea1i th\u1eddi \u0111i\u1ec3m x\u1ea3y ra, h\u1ec7 th\u1ea7n kinh c\u00f3 th\u1ec3 &#8220;\u0111\u00f3ng b\u0103ng&#8221; ch\u00fang nh\u01b0 m\u1ed9t c\u01a1 ch\u1ebf b\u1ea3o v\u1ec7.<\/p>\n\n\n\n<p>D\u00f9 b\u1ea1n kh\u00f4ng c\u00f2n nh\u1edb r\u00f5 chuy\u1ec7n g\u00ec \u0111\u00e3 x\u1ea3y ra, c\u01a1 th\u1ec3 v\u1eabn gi\u1eef l\u1ea1i nh\u1eefng n\u0103ng l\u01b0\u1ee3ng c\u1ea3m x\u00fac \u1ea5y \u1edf m\u1ed9t n\u01a1i n\u00e0o \u0111\u00f3 trong h\u1ec7 th\u1ed1ng sinh h\u1ecdc. \u0110\u00f3 ch\u00ednh l\u00e0 <strong>c\u1ea3m x\u00fac m\u1eafc k\u1eb9t<\/strong> \u2013 n\u0103ng l\u01b0\u1ee3ng c\u1ea3m x\u00fac ch\u01b0a \u0111\u01b0\u1ee3c gi\u1ea3i ph\u00f3ng, v\u1eabn c\u00f2n hi\u1ec7n di\u1ec7n v\u00e0 \u00e2m th\u1ea7m \u1ea3nh h\u01b0\u1edfng \u0111\u1ebfn b\u1ea1n m\u1ed7i ng\u00e0y.<\/p>\n\n\n\n<hr class=\"wp-block-separator has-alpha-channel-opacity\"\/>\n\n\n\n<h3 class=\"wp-block-heading\"><strong>2. C\u1ea3m x\u00fac m\u1eafc k\u1eb9t \u1ea3nh h\u01b0\u1edfng \u0111\u1ebfn b\u1ea1n nh\u01b0 th\u1ebf n\u00e0o?<\/strong><\/h3>\n\n\n\n<p>B\u1ea1n c\u00f3 t\u1eebng c\u1ea3m th\u1ea5y m\u1ec7t m\u1ecfi k\u00e9o d\u00e0i, m\u1ed9t c\u1ea3m gi\u00e1c n\u1eb7ng n\u1ec1 kh\u00f4ng l\u00fd do r\u00f5 r\u00e0ng? B\u1ea1n v\u1eabn s\u1ed1ng, v\u1eabn l\u00e0m vi\u1ec7c, nh\u01b0ng \u0111\u00e2u \u0111\u00f3 b\u00ean trong nh\u01b0 c\u00f3 \u0111i\u1ec1u g\u00ec b\u1ecb \u201ck\u1eb9t l\u1ea1i\u201d.<\/p>\n\n\n\n<p>Nh\u1eefng c\u1ea3m x\u00fac b\u1ecb m\u1eafc k\u1eb9t kh\u00f4ng ch\u1ec9 l\u00e0 d\u1ea5u v\u1ebft c\u1ee7a qu\u00e1 kh\u1ee9. Ch\u00fang l\u00e0 <strong>&#8220;nh\u1eefng v\u1ecb kh\u00e1ch v\u00f4 h\u00ecnh&#8221;<\/strong> \u1ea3nh h\u01b0\u1edfng \u0111\u1ebfn c\u00e1ch b\u1ea1n suy ngh\u0129, c\u1ea3m nh\u1eadn v\u00e0 ph\u1ea3n \u1ee9ng trong cu\u1ed9c s\u1ed1ng hi\u1ec7n t\u1ea1i. C\u1ee5 th\u1ec3, ch\u00fang c\u00f3 th\u1ec3 khi\u1ebfn b\u1ea1n:<\/p>\n\n\n\n<ul class=\"wp-block-list\">\n<li>Nh\u1ea1y c\u1ea3m qu\u00e1 m\u1ee9c v\u1edbi nh\u1eefng t\u00ecnh hu\u1ed1ng th\u00f4ng th\u01b0\u1eddng<\/li>\n\n\n\n<li>Ph\u1ea3n \u1ee9ng th\u00e1i qu\u00e1 v\u1edbi ng\u01b0\u1eddi th\u00e2n ho\u1eb7c \u0111\u1ed3ng nghi\u1ec7p<\/li>\n\n\n\n<li>L\u1eb7p l\u1ea1i nh\u1eefng m\u1eabu quan h\u1ec7 ti\u00eau c\u1ef1c, kh\u00f3 tho\u00e1t ra<\/li>\n\n\n\n<li>G\u1eb7p kh\u00f3 kh\u0103n trong vi\u1ec7c y\u00eau th\u01b0\u01a1ng b\u1ea3n th\u00e2n ho\u1eb7c ng\u01b0\u1eddi kh\u00e1c<\/li>\n\n\n\n<li>&#8230;&#8230;<\/li>\n<\/ul>\n\n\n\n<p>V\u1ec1 th\u1ec3 ch\u1ea5t, c\u1ea3m x\u00fac m\u1eafc k\u1eb9t c\u00f3 th\u1ec3 bi\u1ec3u hi\u1ec7n qua:<\/p>\n\n\n\n<ul class=\"wp-block-list\">\n<li>\u0110au nh\u1ee9c m\u00e3n t\u00ednh kh\u00f4ng r\u00f5 nguy\u00ean nh\u00e2n<\/li>\n\n\n\n<li>M\u1ec7t m\u1ecfi k\u00e9o d\u00e0i<\/li>\n\n\n\n<li>R\u1ed1i lo\u1ea1n gi\u1ea5c ng\u1ee7<\/li>\n\n\n\n<li>H\u1ec7 mi\u1ec5n d\u1ecbch suy y\u1ebfu, th\u1eadm ch\u00ed h\u00ecnh th\u00e0nh b\u1ec7nh l\u00fd<\/li>\n<\/ul>\n\n\n\n<p>Ch\u00fang ta th\u01b0\u1eddng tin r\u1eb1ng th\u1eddi gian s\u1ebd ch\u1eefa l\u00e0nh m\u1ecdi th\u1ee9. Nh\u01b0ng n\u1ebfu nh\u1eefng c\u1ea3m x\u00fac ti\u00eau c\u1ef1c kh\u00f4ng \u0111\u01b0\u1ee3c gi\u1ea3i ph\u00f3ng, ch\u00fang v\u1eabn c\u00f3 th\u1ec3 \u00e2m th\u1ea7m \u0111i\u1ec1u khi\u1ec3n c\u00e1ch ta s\u1ed1ng \u2013 ngay c\u1ea3 khi ta kh\u00f4ng c\u00f2n \u00fd th\u1ee9c v\u1ec1 ch\u00fang.<\/p>\n\n\n\n<hr class=\"wp-block-separator has-alpha-channel-opacity\"\/>\n\n\n\n<h3 class=\"wp-block-heading\"><strong>3. Emotion Code \u2013 Gi\u1ea3i ph\u00e1p gi\u00fap b\u1ea1n gi\u1ea3i ph\u00f3ng c\u1ea3m x\u00fac m\u1eafc k\u1eb9t<\/strong><\/h3>\n\n\n\n<p><strong>Emotion Code<\/strong> l\u00e0 m\u1ed9t ph\u01b0\u01a1ng ph\u00e1p tr\u1ecb li\u1ec7u n\u0103ng l\u01b0\u1ee3ng \u0111\u01b0\u1ee3c ph\u00e1t tri\u1ec3n b\u1edfi <strong>Dr. Bradley Nelson<\/strong>, gi\u00fap x\u00e1c \u0111\u1ecbnh v\u00e0 gi\u1ea3i ph\u00f3ng nh\u1eefng c\u1ea3m x\u00fac ti\u00eau c\u1ef1c b\u1ecb m\u1eafc k\u1eb9t trong c\u01a1 th\u1ec3 m\u1ed9t c\u00e1ch nh\u1eb9 nh\u00e0ng v\u00e0 an to\u00e0n.<\/p>\n\n\n\n<p>Ph\u01b0\u01a1ng ph\u00e1p n\u00e0y s\u1eed d\u1ee5ng:<\/p>\n\n\n\n<ul class=\"wp-block-list\">\n<li><strong>Ki\u1ec3m tra c\u01a1 ph\u1ea3n x\u1ea1 (muscle testing)<\/strong> \u0111\u1ec3 k\u1ebft n\u1ed1i v\u1edbi ti\u1ec1m th\u1ee9c \u2013 gi\u00fap x\u00e1c \u0111\u1ecbnh, g\u1ecdi t\u00ean v\u00e0 t\u00ecm hi\u1ec3u nh\u1eefng c\u1ea3m x\u00fac m\u1eafc k\u1eb9t c\u1ee7a b\u1ea1n.<\/li>\n\n\n\n<li>Gi\u1ea3i ph\u00f3ng c\u1ea3m x\u00fac qua kinh m\u1ea1ch n\u0103ng l\u01b0\u1ee3ng ch\u00ednh trong c\u01a1 th\u1ec3 b\u1eb1ng n\u0103ng l\u01b0\u1ee3ng t\u1eeb tr\u01b0\u1eddng.<\/li>\n<\/ul>\n\n\n\n<p><strong>Emotion Code kh\u00f4ng x\u00e2m l\u1ea5n, kh\u00f4ng d\u00f9ng thu\u1ed1c, kh\u00f4ng c\u1ea7n k\u1ec3 l\u1ea1i qu\u00e1 kh\u1ee9.<\/strong> \u0110i\u1ec1u \u0111\u1eb7c bi\u1ec7t l\u00e0 b\u1ea1n kh\u00f4ng c\u1ea7n \u201c\u0111\u00e0o s\u00e2u n\u1ed7i \u0111au\u201d \u2013 ch\u1ec9 c\u1ea7n \u0111\u1ec3 ti\u1ec1m th\u1ee9c d\u1eabn l\u1ed1i \u0111\u1ebfn \u0111\u00fang c\u1ea3m x\u00fac c\u1ea7n \u0111\u01b0\u1ee3c gi\u1ea3i ph\u00f3ng.<\/p>\n\n\n\n<p>Emotion Code c\u00f3 th\u1ec3 th\u1ef1c hi\u1ec7n tr\u1ef1c ti\u1ebfp ho\u1eb7c Online. Nh\u01b0ng n\u1ebfu s\u1eafp x\u1ebfp \u0111\u01b0\u1ee3c th\u00ec m\u1ecdi ng\u01b0\u1eddi \u01b0u ti\u00ean l\u00e0m tr\u1ef1c ti\u1ebfp \u0111\u1ec3 trao \u0111\u1ed5i th\u1ef1c hi\u1ec7n d\u1ec5 h\u01a1n nh\u00e9!<\/p>\n\n\n\n<p>D\u01b0\u1edbi \u0111\u00e2y l\u00e0 1 v\u00ed d\u1ee5 minh ho\u1ea1 cho 1 s\u1ed1 c\u1ea3m x\u00fac \u0111\u01b0\u1ee3c nh\u1eadn di\u1ec7n v\u00e0 gi\u1ea3i ph\u00f3ng trong 1 phi\u00ean EC. Th\u00f4ng th\u01b0\u1eddng, trong 1 phi\u00ean, s\u1ebd nh\u1eadn di\u1ec7n v\u00e0 gi\u1ea3i ph\u00f3ng \u0111\u01b0\u1ee3c t\u1eeb 6-12 c\u1ea3m x\u00fac ti\u00eau c\u1ef1c m\u1eafc k\u1eb9t trong c\u01a1 th\u1ec3. (M\u1ecdi ng\u01b0\u1eddi c\u00f3 th\u1ec3 d\u1ecbch sang ti\u1ebfng Vi\u1ec7t. File m\u1eabu \u1edf d\u01b0\u1edbi m\u00ecnh \u0111\u1ec3 nguy\u00ean b\u1ea3n ti\u1ebfng anh \u0111\u1ec3 gi\u1eef nguy\u00ean \u00fd ngh\u0129a)<\/p>\n\n\n\n<figure class=\"wp-block-image size-full is-resized\"><img loading=\"lazy\" decoding=\"async\" width=\"656\" height=\"249\" src=\"https:\/\/zoelsoulful.com\/wp-content\/uploads\/2025\/07\/example.png\" alt=\"\" class=\"wp-image-1429\" style=\"width:421px;height:auto\" srcset=\"https:\/\/zoelsoulful.com\/wp-content\/uploads\/2025\/07\/example.png 656w, https:\/\/zoelsoulful.com\/wp-content\/uploads\/2025\/07\/example-300x114.png 300w, https:\/\/zoelsoulful.com\/wp-content\/uploads\/2025\/07\/example-389x148.png 389w\" sizes=\"auto, (max-width: 656px) 100vw, 656px\" \/><\/figure>\n\n\n\n<hr class=\"wp-block-separator has-alpha-channel-opacity\"\/>\n\n\n\n<h3 class=\"wp-block-heading\"><strong>4. L\u1ee3i \u00edch sau m\u1ed7i phi\u00ean tr\u1ecb li\u1ec7u<\/strong><\/h3>\n\n\n\n<p>Sau m\u1ed7i bu\u1ed5i Emotion Code, nhi\u1ec1u ng\u01b0\u1eddi ghi nh\u1eadn c\u1ea3m gi\u00e1c:<\/p>\n\n\n\n<ul class=\"wp-block-list\">\n<li>Nh\u1eb9 nh\u00f5m nh\u01b0 v\u1eeba tr\u00fat b\u1ecf g\u00e1nh n\u1eb7ng v\u00f4 h\u00ecnh<\/li>\n\n\n\n<li>Tinh th\u1ea7n s\u00e1ng t\u1ecf, b\u00ecnh t\u0129nh h\u01a1n<\/li>\n\n\n\n<li>C\u1ea3i thi\u1ec7n ch\u1ea5t l\u01b0\u1ee3ng gi\u1ea5c ng\u1ee7<\/li>\n\n\n\n<li>Ph\u1ea3n \u1ee9ng c\u1ea3m x\u00fac h\u00e0i h\u00f2a v\u00e0 c\u00e2n b\u1eb1ng h\u01a1n<\/li>\n\n\n\n<li>K\u1ebft n\u1ed1i t\u1ed1t h\u01a1n v\u1edbi b\u1ea3n th\u00e2n v\u00e0 ng\u01b0\u1eddi kh\u00e1c<\/li>\n\n\n\n<li>Gia t\u0103ng n\u0103ng l\u01b0\u1ee3ng s\u1ed1ng v\u00e0 s\u1ef1 t\u00edch c\u1ef1c<\/li>\n\n\n\n<li>Gi\u1ea3m c\u00e1c tri\u1ec7u ch\u1ee9ng \u0111au ho\u1eb7c tri\u1ec7u ch\u1ee9ng kh\u00e1c&#8230;<\/li>\n<\/ul>\n\n\n\n<p>V\u1ec1 l\u00e2u d\u00e0i, Emotion Code gi\u00fap b\u1ea1n x\u00e2y d\u1ef1ng m\u1ed9t tr\u1ea1ng th\u00e1i <strong>n\u1ed9i t\u00e2m t\u1ef1 do v\u00e0 v\u1eefng v\u00e0ng<\/strong>, kh\u00f4ng c\u00f2n b\u1ecb chi ph\u1ed1i b\u1edfi nh\u1eefng c\u1ea3m x\u00fac c\u0169 kh\u00f4ng c\u00f2n ph\u1ee5c v\u1ee5 cho hi\u1ec7n t\u1ea1i.<\/p>\n\n\n\n<hr class=\"wp-block-separator has-alpha-channel-opacity\"\/>\n\n\n\n<h3 class=\"wp-block-heading\"><strong>B\u1ea1n kh\u00f4ng c\u1ea7n mang theo nh\u1eefng c\u1ea3m x\u00fac c\u0169 nh\u01b0 m\u1ed9t ph\u1ea7n kh\u00f4ng th\u1ec3 t\u00e1ch r\u1eddi c\u1ee7a m\u00ecnh.<\/strong><\/h3>\n\n\n\n<p>Emotion Code gi\u00fap b\u1ea1n <strong>th\u00e1o g\u1ee1, l\u00e0m s\u1ea1ch v\u00e0 ch\u1eefa l\u00e0nh<\/strong>, \u0111\u1ec3 b\u1ea1n tr\u1edf v\u1ec1 v\u1edbi <strong>phi\u00ean b\u1ea3n tr\u1ecdn v\u1eb9n v\u00e0 r\u00f5 r\u00e0ng nh\u1ea5t<\/strong> c\u1ee7a ch\u00ednh m\u00ecnh \u2013 v\u1edbi m\u1ed9t tr\u00e1i tim nh\u1eb9 nh\u00e0ng, m\u1ed9t t\u00e2m tr\u00ed s\u00e1ng su\u1ed1t v\u00e0 m\u1ed9t c\u01a1 th\u1ec3 t\u1ef1 do.<\/p>\n\n\n\n<hr class=\"wp-block-separator has-alpha-channel-opacity\"\/>\n\n\n\n<p>\ud83d\udce9 <em>N\u1ebfu b\u1ea1n quan t\u00e2m \u0111\u1ebfn li\u1ec7u tr\u00ecnh Emotion Code ho\u1eb7c mu\u1ed1n t\u00ecm hi\u1ec3u th\u00eam, h\u00e3y li\u00ean h\u1ec7 \u0111\u1ec3 \u0111\u01b0\u1ee3c t\u01b0 v\u1ea5n chi ti\u1ebft v\u00e0 \u0111\u1eb7t l\u1ecbch tr\u1ecb li\u1ec7u<\/em>: Zalo: 0937162620 \/ FB: Zoelsoulful \/ Insta: Zoel.ngoctu<\/p>\n\n\n\n<p>Ph\u00ed tr\u1ecb li\u1ec7u: <strong>1.00.000 VN\u0110\/ bu\u1ed5i<\/strong> ( 60-90 ph\u00fat tu\u1ef3 t\u00ecnh tr\u1ea1ng c\u01a1 th\u1ec3)<\/p>\n\n\n\n<p><\/p>\n\n\n\n<p>*L\u01b0u \u00fd:<\/p>\n\n\n\n<p>Emotion Code l\u00e0 ph\u01b0\u01a1ng ph\u00e1p tr\u1ecb li\u1ec7u n\u0103ng l\u01b0\u1ee3ng, KH\u00d4NG ph\u1ea3i tr\u1ecb li\u1ec7u hay t\u01b0 v\u1ea5n t\u00e2m l\u00fd<\/p>\n\n\n\n<p>Emotion Code l\u00e0 ph\u01b0\u01a1ng ph\u00e1p h\u1ed7 tr\u1ee3 v\u00e0 b\u1ed5 sung, KH\u00d4NG thay th\u1ebf b\u1ea5t k\u00ec \u0111i\u1ec1u tr\u1ecb y t\u1ebf n\u00e0o.<\/p>\n\n\n\n<p><\/p>\n\n\n\n<p><\/p>\n","protected":false},"excerpt":{"rendered":"<p>Emotion Code \u2013 Gi\u1ea3i ph\u00f3ng c\u1ea3m x\u00fac m\u1eafc k\u1eb9t, kh\u01a1i m\u1edf s\u1ee9c s\u1ed1ng t\u1eeb b\u00ean trong 1. C\u1ea3m x\u00fac m\u1eafc k\u1eb9t (Trapped Emotion) l\u00e0 g\u00ec? &hellip;<\/p>\n","protected":false},"author":1,"featured_media":0,"parent":0,"menu_order":0,"comment_status":"closed","ping_status":"closed","template":"","meta":{"_monsterinsights_skip_tracking":false,"_monsterinsights_sitenote_active":false,"_monsterinsights_sitenote_note":"","_monsterinsights_sitenote_category":0,"footnotes":""},"class_list":["post-1416","page","type-page","status-publish","hentry"],"yoast_head":"<!-- This site is optimized with the Yoast SEO plugin v23.1 - https:\/\/yoast.com\/wordpress\/plugins\/seo\/ -->\n<title>Emotion Code - ZOELSOULFUL<\/title>\n<meta name=\"description\" content=\"Emotion Code l\u00e0 m\u1ed9t ph\u01b0\u01a1ng ph\u00e1p tr\u1ecb li\u1ec7u n\u0103ng l\u01b0\u1ee3ng \u0111\u01b0\u1ee3c ph\u00e1t tri\u1ec3n b\u1edfi Dr. Bradley Nelson, gi\u00fap x\u00e1c \u0111\u1ecbnh v\u00e0 gi\u1ea3i ph\u00f3ng nh\u1eefng c\u1ea3m x\u00fac ti\u00eau c\u1ef1c b\u1ecb m\u1eafc k\u1eb9t trong c\u01a1 th\u1ec3 m\u1ed9t c\u00e1ch nh\u1eb9 nh\u00e0ng v\u00e0 an to\u00e0n.\" \/>\n<meta name=\"robots\" content=\"index, follow, max-snippet:-1, max-image-preview:large, max-video-preview:-1\" \/>\n<link rel=\"canonical\" href=\"https:\/\/zoelsoulful.com\/index.php\/emotion-code\/\" \/>\n<meta property=\"og:locale\" content=\"vi_VN\" \/>\n<meta property=\"og:type\" content=\"article\" \/>\n<meta property=\"og:title\" content=\"Emotion Code - ZOELSOULFUL\" \/>\n<meta property=\"og:description\" content=\"Emotion Code l\u00e0 m\u1ed9t ph\u01b0\u01a1ng ph\u00e1p tr\u1ecb li\u1ec7u n\u0103ng l\u01b0\u1ee3ng \u0111\u01b0\u1ee3c ph\u00e1t tri\u1ec3n b\u1edfi Dr. Bradley Nelson, gi\u00fap x\u00e1c \u0111\u1ecbnh v\u00e0 gi\u1ea3i ph\u00f3ng nh\u1eefng c\u1ea3m x\u00fac ti\u00eau c\u1ef1c b\u1ecb m\u1eafc k\u1eb9t trong c\u01a1 th\u1ec3 m\u1ed9t c\u00e1ch nh\u1eb9 nh\u00e0ng v\u00e0 an to\u00e0n.\" \/>\n<meta property=\"og:url\" content=\"https:\/\/zoelsoulful.com\/index.php\/emotion-code\/\" \/>\n<meta property=\"og:site_name\" content=\"ZOELSOULFUL\" \/>\n<meta property=\"article:publisher\" content=\"https:\/\/www.facebook.com\/Zoelsoulful\" \/>\n<meta property=\"article:modified_time\" content=\"2025-08-01T05:40:31+00:00\" \/>\n<meta property=\"og:image\" content=\"https:\/\/zoelsoulful.com\/wp-content\/uploads\/2025\/07\/example.png\" \/>\n<meta name=\"twitter:card\" content=\"summary_large_image\" \/>\n<meta name=\"twitter:label1\" content=\"\u01af\u1edbc t\u00ednh th\u1eddi gian \u0111\u1ecdc\" \/>\n\t<meta name=\"twitter:data1\" content=\"6 ph\u00fat\" \/>\n<script type=\"application\/ld+json\" class=\"yoast-schema-graph\">{\"@context\":\"https:\/\/schema.org\",\"@graph\":[{\"@type\":\"WebPage\",\"@id\":\"https:\/\/zoelsoulful.com\/index.php\/emotion-code\/\",\"url\":\"https:\/\/zoelsoulful.com\/index.php\/emotion-code\/\",\"name\":\"Emotion Code - ZOELSOULFUL\",\"isPartOf\":{\"@id\":\"https:\/\/zoelsoulful.com\/#website\"},\"primaryImageOfPage\":{\"@id\":\"https:\/\/zoelsoulful.com\/index.php\/emotion-code\/#primaryimage\"},\"image\":{\"@id\":\"https:\/\/zoelsoulful.com\/index.php\/emotion-code\/#primaryimage\"},\"thumbnailUrl\":\"https:\/\/zoelsoulful.com\/wp-content\/uploads\/2025\/07\/example.png\",\"datePublished\":\"2025-06-29T14:48:02+00:00\",\"dateModified\":\"2025-08-01T05:40:31+00:00\",\"description\":\"Emotion Code l\u00e0 m\u1ed9t ph\u01b0\u01a1ng ph\u00e1p tr\u1ecb li\u1ec7u n\u0103ng l\u01b0\u1ee3ng \u0111\u01b0\u1ee3c ph\u00e1t tri\u1ec3n b\u1edfi Dr. Bradley Nelson, gi\u00fap x\u00e1c \u0111\u1ecbnh v\u00e0 gi\u1ea3i ph\u00f3ng nh\u1eefng c\u1ea3m x\u00fac ti\u00eau c\u1ef1c b\u1ecb m\u1eafc k\u1eb9t trong c\u01a1 th\u1ec3 m\u1ed9t c\u00e1ch nh\u1eb9 nh\u00e0ng v\u00e0 an to\u00e0n.\",\"breadcrumb\":{\"@id\":\"https:\/\/zoelsoulful.com\/index.php\/emotion-code\/#breadcrumb\"},\"inLanguage\":\"vi\",\"potentialAction\":[{\"@type\":\"ReadAction\",\"target\":[\"https:\/\/zoelsoulful.com\/index.php\/emotion-code\/\"]}]},{\"@type\":\"ImageObject\",\"inLanguage\":\"vi\",\"@id\":\"https:\/\/zoelsoulful.com\/index.php\/emotion-code\/#primaryimage\",\"url\":\"https:\/\/zoelsoulful.com\/wp-content\/uploads\/2025\/07\/example.png\",\"contentUrl\":\"https:\/\/zoelsoulful.com\/wp-content\/uploads\/2025\/07\/example.png\",\"width\":656,\"height\":249},{\"@type\":\"BreadcrumbList\",\"@id\":\"https:\/\/zoelsoulful.com\/index.php\/emotion-code\/#breadcrumb\",\"itemListElement\":[{\"@type\":\"ListItem\",\"position\":1,\"name\":\"Trang ch\u1ee7\",\"item\":\"https:\/\/zoelsoulful.com\/\"},{\"@type\":\"ListItem\",\"position\":2,\"name\":\"Emotion Code\"}]},{\"@type\":\"WebSite\",\"@id\":\"https:\/\/zoelsoulful.com\/#website\",\"url\":\"https:\/\/zoelsoulful.com\/\",\"name\":\"ZOELSOULFUL\",\"description\":\"A Spiritual Practitioner\",\"publisher\":{\"@id\":\"https:\/\/zoelsoulful.com\/#\/schema\/person\/b24e7f8e7047df8472246775cf580098\"},\"potentialAction\":[{\"@type\":\"SearchAction\",\"target\":{\"@type\":\"EntryPoint\",\"urlTemplate\":\"https:\/\/zoelsoulful.com\/?s={search_term_string}\"},\"query-input\":\"required name=search_term_string\"}],\"inLanguage\":\"vi\"},{\"@type\":[\"Person\",\"Organization\"],\"@id\":\"https:\/\/zoelsoulful.com\/#\/schema\/person\/b24e7f8e7047df8472246775cf580098\",\"name\":\"admin\",\"image\":{\"@type\":\"ImageObject\",\"inLanguage\":\"vi\",\"@id\":\"https:\/\/zoelsoulful.com\/#\/schema\/person\/image\/\",\"url\":\"https:\/\/secure.gravatar.com\/avatar\/cd5e5ffda82f8bed381b67037d55103f520cefb9cd68086c7acd0d4d0873d9bc?s=96&d=mm&r=g\",\"contentUrl\":\"https:\/\/secure.gravatar.com\/avatar\/cd5e5ffda82f8bed381b67037d55103f520cefb9cd68086c7acd0d4d0873d9bc?s=96&d=mm&r=g\",\"caption\":\"admin\"},\"logo\":{\"@id\":\"https:\/\/zoelsoulful.com\/#\/schema\/person\/image\/\"},\"sameAs\":[\"https:\/\/personal.demotheme.matbao.support\",\"https:\/\/www.facebook.com\/Zoelsoulful\",\"https:\/\/www.instagram.com\/zoelsoulful\/\"]}]}<\/script>\n<!-- \/ Yoast SEO plugin. -->","yoast_head_json":{"title":"Emotion Code - ZOELSOULFUL","description":"Emotion Code l\u00e0 m\u1ed9t ph\u01b0\u01a1ng ph\u00e1p tr\u1ecb li\u1ec7u n\u0103ng l\u01b0\u1ee3ng \u0111\u01b0\u1ee3c ph\u00e1t tri\u1ec3n b\u1edfi Dr. Bradley Nelson, gi\u00fap x\u00e1c \u0111\u1ecbnh v\u00e0 gi\u1ea3i ph\u00f3ng nh\u1eefng c\u1ea3m x\u00fac ti\u00eau c\u1ef1c b\u1ecb m\u1eafc k\u1eb9t trong c\u01a1 th\u1ec3 m\u1ed9t c\u00e1ch nh\u1eb9 nh\u00e0ng v\u00e0 an to\u00e0n.","robots":{"index":"index","follow":"follow","max-snippet":"max-snippet:-1","max-image-preview":"max-image-preview:large","max-video-preview":"max-video-preview:-1"},"canonical":"https:\/\/zoelsoulful.com\/index.php\/emotion-code\/","og_locale":"vi_VN","og_type":"article","og_title":"Emotion Code - ZOELSOULFUL","og_description":"Emotion Code l\u00e0 m\u1ed9t ph\u01b0\u01a1ng ph\u00e1p tr\u1ecb li\u1ec7u n\u0103ng l\u01b0\u1ee3ng \u0111\u01b0\u1ee3c ph\u00e1t tri\u1ec3n b\u1edfi Dr. Bradley Nelson, gi\u00fap x\u00e1c \u0111\u1ecbnh v\u00e0 gi\u1ea3i ph\u00f3ng nh\u1eefng c\u1ea3m x\u00fac ti\u00eau c\u1ef1c b\u1ecb m\u1eafc k\u1eb9t trong c\u01a1 th\u1ec3 m\u1ed9t c\u00e1ch nh\u1eb9 nh\u00e0ng v\u00e0 an to\u00e0n.","og_url":"https:\/\/zoelsoulful.com\/index.php\/emotion-code\/","og_site_name":"ZOELSOULFUL","article_publisher":"https:\/\/www.facebook.com\/Zoelsoulful","article_modified_time":"2025-08-01T05:40:31+00:00","og_image":[{"url":"https:\/\/zoelsoulful.com\/wp-content\/uploads\/2025\/07\/example.png"}],"twitter_card":"summary_large_image","twitter_misc":{"\u01af\u1edbc t\u00ednh th\u1eddi gian \u0111\u1ecdc":"6 ph\u00fat"},"schema":{"@context":"https:\/\/schema.org","@graph":[{"@type":"WebPage","@id":"https:\/\/zoelsoulful.com\/index.php\/emotion-code\/","url":"https:\/\/zoelsoulful.com\/index.php\/emotion-code\/","name":"Emotion Code - ZOELSOULFUL","isPartOf":{"@id":"https:\/\/zoelsoulful.com\/#website"},"primaryImageOfPage":{"@id":"https:\/\/zoelsoulful.com\/index.php\/emotion-code\/#primaryimage"},"image":{"@id":"https:\/\/zoelsoulful.com\/index.php\/emotion-code\/#primaryimage"},"thumbnailUrl":"https:\/\/zoelsoulful.com\/wp-content\/uploads\/2025\/07\/example.png","datePublished":"2025-06-29T14:48:02+00:00","dateModified":"2025-08-01T05:40:31+00:00","description":"Emotion Code l\u00e0 m\u1ed9t ph\u01b0\u01a1ng ph\u00e1p tr\u1ecb li\u1ec7u n\u0103ng l\u01b0\u1ee3ng \u0111\u01b0\u1ee3c ph\u00e1t tri\u1ec3n b\u1edfi Dr. Bradley Nelson, gi\u00fap x\u00e1c \u0111\u1ecbnh v\u00e0 gi\u1ea3i ph\u00f3ng nh\u1eefng c\u1ea3m x\u00fac ti\u00eau c\u1ef1c b\u1ecb m\u1eafc k\u1eb9t trong c\u01a1 th\u1ec3 m\u1ed9t c\u00e1ch nh\u1eb9 nh\u00e0ng v\u00e0 an to\u00e0n.","breadcrumb":{"@id":"https:\/\/zoelsoulful.com\/index.php\/emotion-code\/#breadcrumb"},"inLanguage":"vi","potentialAction":[{"@type":"ReadAction","target":["https:\/\/zoelsoulful.com\/index.php\/emotion-code\/"]}]},{"@type":"ImageObject","inLanguage":"vi","@id":"https:\/\/zoelsoulful.com\/index.php\/emotion-code\/#primaryimage","url":"https:\/\/zoelsoulful.com\/wp-content\/uploads\/2025\/07\/example.png","contentUrl":"https:\/\/zoelsoulful.com\/wp-content\/uploads\/2025\/07\/example.png","width":656,"height":249},{"@type":"BreadcrumbList","@id":"https:\/\/zoelsoulful.com\/index.php\/emotion-code\/#breadcrumb","itemListElement":[{"@type":"ListItem","position":1,"name":"Trang ch\u1ee7","item":"https:\/\/zoelsoulful.com\/"},{"@type":"ListItem","position":2,"name":"Emotion Code"}]},{"@type":"WebSite","@id":"https:\/\/zoelsoulful.com\/#website","url":"https:\/\/zoelsoulful.com\/","name":"ZOELSOULFUL","description":"A Spiritual Practitioner","publisher":{"@id":"https:\/\/zoelsoulful.com\/#\/schema\/person\/b24e7f8e7047df8472246775cf580098"},"potentialAction":[{"@type":"SearchAction","target":{"@type":"EntryPoint","urlTemplate":"https:\/\/zoelsoulful.com\/?s={search_term_string}"},"query-input":"required name=search_term_string"}],"inLanguage":"vi"},{"@type":["Person","Organization"],"@id":"https:\/\/zoelsoulful.com\/#\/schema\/person\/b24e7f8e7047df8472246775cf580098","name":"admin","image":{"@type":"ImageObject","inLanguage":"vi","@id":"https:\/\/zoelsoulful.com\/#\/schema\/person\/image\/","url":"https:\/\/secure.gravatar.com\/avatar\/cd5e5ffda82f8bed381b67037d55103f520cefb9cd68086c7acd0d4d0873d9bc?s=96&d=mm&r=g","contentUrl":"https:\/\/secure.gravatar.com\/avatar\/cd5e5ffda82f8bed381b67037d55103f520cefb9cd68086c7acd0d4d0873d9bc?s=96&d=mm&r=g","caption":"admin"},"logo":{"@id":"https:\/\/zoelsoulful.com\/#\/schema\/person\/image\/"},"sameAs":["https:\/\/personal.demotheme.matbao.support","https:\/\/www.facebook.com\/Zoelsoulful","https:\/\/www.instagram.com\/zoelsoulful\/"]}]}},"_links":{"self":[{"href":"https:\/\/zoelsoulful.com\/index.php\/wp-json\/wp\/v2\/pages\/1416","targetHints":{"allow":["GET"]}}],"collection":[{"href":"https:\/\/zoelsoulful.com\/index.php\/wp-json\/wp\/v2\/pages"}],"about":[{"href":"https:\/\/zoelsoulful.com\/index.php\/wp-json\/wp\/v2\/types\/page"}],"author":[{"embeddable":true,"href":"https:\/\/zoelsoulful.com\/index.php\/wp-json\/wp\/v2\/users\/1"}],"replies":[{"embeddable":true,"href":"https:\/\/zoelsoulful.com\/index.php\/wp-json\/wp\/v2\/comments?post=1416"}],"version-history":[{"count":9,"href":"https:\/\/zoelsoulful.com\/index.php\/wp-json\/wp\/v2\/pages\/1416\/revisions"}],"predecessor-version":[{"id":1448,"href":"https:\/\/zoelsoulful.com\/index.php\/wp-json\/wp\/v2\/pages\/1416\/revisions\/1448"}],"wp:attachment":[{"href":"https:\/\/zoelsoulful.com\/index.php\/wp-json\/wp\/v2\/media?parent=1416"}],"curies":[{"name":"wp","href":"https:\/\/api.w.org\/{rel}","templated":true}]}}