{"id":1339,"date":"2024-10-26T14:29:11","date_gmt":"2024-10-26T14:29:11","guid":{"rendered":"https:\/\/zoelsoulful.com\/?page_id=1339"},"modified":"2025-07-13T15:57:18","modified_gmt":"2025-07-13T15:57:18","slug":"dich-vu","status":"publish","type":"page","link":"https:\/\/zoelsoulful.com\/index.php\/dich-vu\/","title":{"rendered":"D\u1ecbch v\u1ee5"},"content":{"rendered":"\n<div class=\"wp-block-columns is-layout-flex wp-container-core-columns-is-layout-9d6595d7 wp-block-columns-is-layout-flex\">\n<div class=\"wp-block-column is-layout-flow wp-block-column-is-layout-flow\" style=\"flex-basis:50%\">\n<p class=\"has-text-align-center\"><strong>TR\u1eca LI\u1ec6U N\u0102NG L\u01af\u1ee2NG REIKI<\/strong><\/p>\n\n\n<div class=\"wp-block-image is-style-default\">\n<figure class=\"aligncenter size-full is-resized\"><img decoding=\"async\" src=\"https:\/\/zoelsoulful.com\/wp-content\/uploads\/2025\/07\/DSCF4277.jpg\" alt=\"\" class=\"wp-image-1437\" style=\"width:300px\"\/><\/figure>\n<\/div><\/div>\n\n\n\n<div class=\"wp-block-column is-layout-flow wp-block-column-is-layout-flow\" style=\"flex-basis:50%\">\n<p class=\"has-text-align-center\"><strong>TR\u1eca LI\u1ec6U V\u00c0 TH\u01af GI\u00c3N C\u00d9NG CHU\u00d4NG XOAY<\/strong><\/p>\n\n\n<div class=\"wp-block-image is-style-default\">\n<figure class=\"aligncenter size-large is-resized\"><img loading=\"lazy\" decoding=\"async\" width=\"683\" height=\"1024\" src=\"https:\/\/zoelsoulful.com\/wp-content\/uploads\/2025\/04\/Photo-08-03-2025-14-58-10-683x1024.jpg\" alt=\"\" class=\"wp-image-1384\" style=\"width:300px\" srcset=\"https:\/\/zoelsoulful.com\/wp-content\/uploads\/2025\/04\/Photo-08-03-2025-14-58-10-683x1024.jpg 683w, https:\/\/zoelsoulful.com\/wp-content\/uploads\/2025\/04\/Photo-08-03-2025-14-58-10-200x300.jpg 200w, https:\/\/zoelsoulful.com\/wp-content\/uploads\/2025\/04\/Photo-08-03-2025-14-58-10-768x1152.jpg 768w, https:\/\/zoelsoulful.com\/wp-content\/uploads\/2025\/04\/Photo-08-03-2025-14-58-10-1024x1536.jpg 1024w, https:\/\/zoelsoulful.com\/wp-content\/uploads\/2025\/04\/Photo-08-03-2025-14-58-10-1365x2048.jpg 1365w, https:\/\/zoelsoulful.com\/wp-content\/uploads\/2025\/04\/Photo-08-03-2025-14-58-10-600x900.jpg 600w, https:\/\/zoelsoulful.com\/wp-content\/uploads\/2025\/04\/Photo-08-03-2025-14-58-10-scaled.jpg 1707w\" sizes=\"auto, (max-width: 683px) 100vw, 683px\" \/><\/figure>\n<\/div><\/div>\n<\/div>\n\n\n\n<div class=\"wp-block-group\"><div class=\"wp-block-group__inner-container is-layout-constrained wp-block-group-is-layout-constrained\">\n<div class=\"wp-block-columns is-layout-flex wp-container-core-columns-is-layout-9d6595d7 wp-block-columns-is-layout-flex\">\n<div class=\"wp-block-column is-vertically-aligned-top is-layout-flow wp-block-column-is-layout-flow\">\n<p class=\"has-text-align-center\"><strong>TR\u1eca LI\u1ec6U EMOTION CODE (M\u00c3 C\u1ea2M X\u00daC)<\/strong><\/p>\n\n\n\n<div class=\"wp-block-columns is-layout-flex wp-container-core-columns-is-layout-9d6595d7 wp-block-columns-is-layout-flex\">\n<div class=\"wp-block-column is-layout-flow wp-block-column-is-layout-flow\"><div class=\"wp-block-image\">\n<figure class=\"aligncenter size-large\"><a href=\"https:\/\/zoelsoulful.com\/index.php\/emotion-code\/\"><img loading=\"lazy\" decoding=\"async\" width=\"819\" height=\"1024\" src=\"https:\/\/zoelsoulful.com\/wp-content\/uploads\/2025\/07\/z6734240901465_66ced9acb57e4f9b0bbc7641cd6c1f1f-819x1024.jpg\" alt=\"\" class=\"wp-image-1436\" srcset=\"https:\/\/zoelsoulful.com\/wp-content\/uploads\/2025\/07\/z6734240901465_66ced9acb57e4f9b0bbc7641cd6c1f1f-819x1024.jpg 819w, https:\/\/zoelsoulful.com\/wp-content\/uploads\/2025\/07\/z6734240901465_66ced9acb57e4f9b0bbc7641cd6c1f1f-240x300.jpg 240w, https:\/\/zoelsoulful.com\/wp-content\/uploads\/2025\/07\/z6734240901465_66ced9acb57e4f9b0bbc7641cd6c1f1f-768x960.jpg 768w, https:\/\/zoelsoulful.com\/wp-content\/uploads\/2025\/07\/z6734240901465_66ced9acb57e4f9b0bbc7641cd6c1f1f-1229x1536.jpg 1229w, https:\/\/zoelsoulful.com\/wp-content\/uploads\/2025\/07\/z6734240901465_66ced9acb57e4f9b0bbc7641cd6c1f1f-1638x2048.jpg 1638w, https:\/\/zoelsoulful.com\/wp-content\/uploads\/2025\/07\/z6734240901465_66ced9acb57e4f9b0bbc7641cd6c1f1f.jpg 2048w\" sizes=\"auto, (max-width: 819px) 100vw, 819px\" \/><\/a><\/figure>\n<\/div><\/div>\n<\/div>\n<\/div>\n\n\n\n<div class=\"wp-block-column is-layout-flow wp-block-column-is-layout-flow\">\n<p class=\"has-text-align-center\"><\/p>\n<\/div>\n<\/div>\n<\/div><\/div>\n\n\n\n<p><\/p>\n","protected":false},"excerpt":{"rendered":"<p>TR\u1eca LI\u1ec6U N\u0102NG L\u01af\u1ee2NG REIKI TR\u1eca LI\u1ec6U V\u00c0 TH\u01af GI\u00c3N C\u00d9NG CHU\u00d4NG XOAY TR\u1eca LI\u1ec6U EMOTION CODE (M\u00c3 C\u1ea2M X\u00daC)<\/p>\n","protected":false},"author":1,"featured_media":0,"parent":0,"menu_order":0,"comment_status":"closed","ping_status":"closed","template":"","meta":{"_monsterinsights_skip_tracking":false,"_monsterinsights_sitenote_active":false,"_monsterinsights_sitenote_note":"","_monsterinsights_sitenote_category":0,"footnotes":""},"class_list":["post-1339","page","type-page","status-publish","hentry"],"yoast_head":"<!-- This site is optimized with the Yoast SEO plugin v23.1 - https:\/\/yoast.com\/wordpress\/plugins\/seo\/ -->\n<title>D\u1ecbch v\u1ee5 - ZOELSOULFUL<\/title>\n<meta name=\"robots\" content=\"index, follow, max-snippet:-1, max-image-preview:large, max-video-preview:-1\" \/>\n<link rel=\"canonical\" href=\"https:\/\/zoelsoulful.com\/index.php\/dich-vu\/\" \/>\n<meta property=\"og:locale\" content=\"vi_VN\" \/>\n<meta property=\"og:type\" content=\"article\" \/>\n<meta property=\"og:title\" content=\"D\u1ecbch v\u1ee5 - ZOELSOULFUL\" \/>\n<meta property=\"og:description\" content=\"TR\u1eca LI\u1ec6U N\u0102NG L\u01af\u1ee2NG REIKI TR\u1eca LI\u1ec6U V\u00c0 TH\u01af GI\u00c3N C\u00d9NG CHU\u00d4NG XOAY TR\u1eca LI\u1ec6U EMOTION CODE (M\u00c3 C\u1ea2M X\u00daC)\" \/>\n<meta property=\"og:url\" content=\"https:\/\/zoelsoulful.com\/index.php\/dich-vu\/\" \/>\n<meta property=\"og:site_name\" content=\"ZOELSOULFUL\" \/>\n<meta property=\"article:publisher\" content=\"https:\/\/www.facebook.com\/Zoelsoulful\" \/>\n<meta property=\"article:modified_time\" content=\"2025-07-13T15:57:18+00:00\" \/>\n<meta property=\"og:image\" content=\"https:\/\/zoelsoulful.com\/wp-content\/uploads\/2025\/07\/DSCF4277.jpg\" \/>\n<meta name=\"twitter:card\" content=\"summary_large_image\" \/>\n<meta name=\"twitter:label1\" content=\"\u01af\u1edbc t\u00ednh th\u1eddi gian \u0111\u1ecdc\" \/>\n\t<meta name=\"twitter:data1\" content=\"1 ph\u00fat\" \/>\n<script type=\"application\/ld+json\" class=\"yoast-schema-graph\">{\"@context\":\"https:\/\/schema.org\",\"@graph\":[{\"@type\":\"WebPage\",\"@id\":\"https:\/\/zoelsoulful.com\/index.php\/dich-vu\/\",\"url\":\"https:\/\/zoelsoulful.com\/index.php\/dich-vu\/\",\"name\":\"D\u1ecbch v\u1ee5 - ZOELSOULFUL\",\"isPartOf\":{\"@id\":\"https:\/\/zoelsoulful.com\/#website\"},\"primaryImageOfPage\":{\"@id\":\"https:\/\/zoelsoulful.com\/index.php\/dich-vu\/#primaryimage\"},\"image\":{\"@id\":\"https:\/\/zoelsoulful.com\/index.php\/dich-vu\/#primaryimage\"},\"thumbnailUrl\":\"https:\/\/zoelsoulful.com\/wp-content\/uploads\/2025\/07\/DSCF4277.jpg\",\"datePublished\":\"2024-10-26T14:29:11+00:00\",\"dateModified\":\"2025-07-13T15:57:18+00:00\",\"breadcrumb\":{\"@id\":\"https:\/\/zoelsoulful.com\/index.php\/dich-vu\/#breadcrumb\"},\"inLanguage\":\"vi\",\"potentialAction\":[{\"@type\":\"ReadAction\",\"target\":[\"https:\/\/zoelsoulful.com\/index.php\/dich-vu\/\"]}]},{\"@type\":\"ImageObject\",\"inLanguage\":\"vi\",\"@id\":\"https:\/\/zoelsoulful.com\/index.php\/dich-vu\/#primaryimage\",\"url\":\"https:\/\/zoelsoulful.com\/wp-content\/uploads\/2025\/07\/DSCF4277.jpg\",\"contentUrl\":\"https:\/\/zoelsoulful.com\/wp-content\/uploads\/2025\/07\/DSCF4277.jpg\"},{\"@type\":\"BreadcrumbList\",\"@id\":\"https:\/\/zoelsoulful.com\/index.php\/dich-vu\/#breadcrumb\",\"itemListElement\":[{\"@type\":\"ListItem\",\"position\":1,\"name\":\"Trang ch\u1ee7\",\"item\":\"https:\/\/zoelsoulful.com\/\"},{\"@type\":\"ListItem\",\"position\":2,\"name\":\"D\u1ecbch v\u1ee5\"}]},{\"@type\":\"WebSite\",\"@id\":\"https:\/\/zoelsoulful.com\/#website\",\"url\":\"https:\/\/zoelsoulful.com\/\",\"name\":\"ZOELSOULFUL\",\"description\":\"A Spiritual Practitioner\",\"publisher\":{\"@id\":\"https:\/\/zoelsoulful.com\/#\/schema\/person\/b24e7f8e7047df8472246775cf580098\"},\"potentialAction\":[{\"@type\":\"SearchAction\",\"target\":{\"@type\":\"EntryPoint\",\"urlTemplate\":\"https:\/\/zoelsoulful.com\/?s={search_term_string}\"},\"query-input\":\"required name=search_term_string\"}],\"inLanguage\":\"vi\"},{\"@type\":[\"Person\",\"Organization\"],\"@id\":\"https:\/\/zoelsoulful.com\/#\/schema\/person\/b24e7f8e7047df8472246775cf580098\",\"name\":\"admin\",\"image\":{\"@type\":\"ImageObject\",\"inLanguage\":\"vi\",\"@id\":\"https:\/\/zoelsoulful.com\/#\/schema\/person\/image\/\",\"url\":\"https:\/\/secure.gravatar.com\/avatar\/cd5e5ffda82f8bed381b67037d55103f520cefb9cd68086c7acd0d4d0873d9bc?s=96&d=mm&r=g\",\"contentUrl\":\"https:\/\/secure.gravatar.com\/avatar\/cd5e5ffda82f8bed381b67037d55103f520cefb9cd68086c7acd0d4d0873d9bc?s=96&d=mm&r=g\",\"caption\":\"admin\"},\"logo\":{\"@id\":\"https:\/\/zoelsoulful.com\/#\/schema\/person\/image\/\"},\"sameAs\":[\"https:\/\/personal.demotheme.matbao.support\",\"https:\/\/www.facebook.com\/Zoelsoulful\",\"https:\/\/www.instagram.com\/zoelsoulful\/\"]}]}<\/script>\n<!-- \/ Yoast SEO plugin. -->","yoast_head_json":{"title":"D\u1ecbch v\u1ee5 - ZOELSOULFUL","robots":{"index":"index","follow":"follow","max-snippet":"max-snippet:-1","max-image-preview":"max-image-preview:large","max-video-preview":"max-video-preview:-1"},"canonical":"https:\/\/zoelsoulful.com\/index.php\/dich-vu\/","og_locale":"vi_VN","og_type":"article","og_title":"D\u1ecbch v\u1ee5 - ZOELSOULFUL","og_description":"TR\u1eca LI\u1ec6U N\u0102NG L\u01af\u1ee2NG REIKI TR\u1eca LI\u1ec6U V\u00c0 TH\u01af GI\u00c3N C\u00d9NG CHU\u00d4NG XOAY TR\u1eca LI\u1ec6U EMOTION CODE (M\u00c3 C\u1ea2M X\u00daC)","og_url":"https:\/\/zoelsoulful.com\/index.php\/dich-vu\/","og_site_name":"ZOELSOULFUL","article_publisher":"https:\/\/www.facebook.com\/Zoelsoulful","article_modified_time":"2025-07-13T15:57:18+00:00","og_image":[{"url":"https:\/\/zoelsoulful.com\/wp-content\/uploads\/2025\/07\/DSCF4277.jpg"}],"twitter_card":"summary_large_image","twitter_misc":{"\u01af\u1edbc t\u00ednh th\u1eddi gian \u0111\u1ecdc":"1 ph\u00fat"},"schema":{"@context":"https:\/\/schema.org","@graph":[{"@type":"WebPage","@id":"https:\/\/zoelsoulful.com\/index.php\/dich-vu\/","url":"https:\/\/zoelsoulful.com\/index.php\/dich-vu\/","name":"D\u1ecbch v\u1ee5 - ZOELSOULFUL","isPartOf":{"@id":"https:\/\/zoelsoulful.com\/#website"},"primaryImageOfPage":{"@id":"https:\/\/zoelsoulful.com\/index.php\/dich-vu\/#primaryimage"},"image":{"@id":"https:\/\/zoelsoulful.com\/index.php\/dich-vu\/#primaryimage"},"thumbnailUrl":"https:\/\/zoelsoulful.com\/wp-content\/uploads\/2025\/07\/DSCF4277.jpg","datePublished":"2024-10-26T14:29:11+00:00","dateModified":"2025-07-13T15:57:18+00:00","breadcrumb":{"@id":"https:\/\/zoelsoulful.com\/index.php\/dich-vu\/#breadcrumb"},"inLanguage":"vi","potentialAction":[{"@type":"ReadAction","target":["https:\/\/zoelsoulful.com\/index.php\/dich-vu\/"]}]},{"@type":"ImageObject","inLanguage":"vi","@id":"https:\/\/zoelsoulful.com\/index.php\/dich-vu\/#primaryimage","url":"https:\/\/zoelsoulful.com\/wp-content\/uploads\/2025\/07\/DSCF4277.jpg","contentUrl":"https:\/\/zoelsoulful.com\/wp-content\/uploads\/2025\/07\/DSCF4277.jpg"},{"@type":"BreadcrumbList","@id":"https:\/\/zoelsoulful.com\/index.php\/dich-vu\/#breadcrumb","itemListElement":[{"@type":"ListItem","position":1,"name":"Trang ch\u1ee7","item":"https:\/\/zoelsoulful.com\/"},{"@type":"ListItem","position":2,"name":"D\u1ecbch v\u1ee5"}]},{"@type":"WebSite","@id":"https:\/\/zoelsoulful.com\/#website","url":"https:\/\/zoelsoulful.com\/","name":"ZOELSOULFUL","description":"A Spiritual Practitioner","publisher":{"@id":"https:\/\/zoelsoulful.com\/#\/schema\/person\/b24e7f8e7047df8472246775cf580098"},"potentialAction":[{"@type":"SearchAction","target":{"@type":"EntryPoint","urlTemplate":"https:\/\/zoelsoulful.com\/?s={search_term_string}"},"query-input":"required name=search_term_string"}],"inLanguage":"vi"},{"@type":["Person","Organization"],"@id":"https:\/\/zoelsoulful.com\/#\/schema\/person\/b24e7f8e7047df8472246775cf580098","name":"admin","image":{"@type":"ImageObject","inLanguage":"vi","@id":"https:\/\/zoelsoulful.com\/#\/schema\/person\/image\/","url":"https:\/\/secure.gravatar.com\/avatar\/cd5e5ffda82f8bed381b67037d55103f520cefb9cd68086c7acd0d4d0873d9bc?s=96&d=mm&r=g","contentUrl":"https:\/\/secure.gravatar.com\/avatar\/cd5e5ffda82f8bed381b67037d55103f520cefb9cd68086c7acd0d4d0873d9bc?s=96&d=mm&r=g","caption":"admin"},"logo":{"@id":"https:\/\/zoelsoulful.com\/#\/schema\/person\/image\/"},"sameAs":["https:\/\/personal.demotheme.matbao.support","https:\/\/www.facebook.com\/Zoelsoulful","https:\/\/www.instagram.com\/zoelsoulful\/"]}]}},"_links":{"self":[{"href":"https:\/\/zoelsoulful.com\/index.php\/wp-json\/wp\/v2\/pages\/1339","targetHints":{"allow":["GET"]}}],"collection":[{"href":"https:\/\/zoelsoulful.com\/index.php\/wp-json\/wp\/v2\/pages"}],"about":[{"href":"https:\/\/zoelsoulful.com\/index.php\/wp-json\/wp\/v2\/types\/page"}],"author":[{"embeddable":true,"href":"https:\/\/zoelsoulful.com\/index.php\/wp-json\/wp\/v2\/users\/1"}],"replies":[{"embeddable":true,"href":"https:\/\/zoelsoulful.com\/index.php\/wp-json\/wp\/v2\/comments?post=1339"}],"version-history":[{"count":8,"href":"https:\/\/zoelsoulful.com\/index.php\/wp-json\/wp\/v2\/pages\/1339\/revisions"}],"predecessor-version":[{"id":1445,"href":"https:\/\/zoelsoulful.com\/index.php\/wp-json\/wp\/v2\/pages\/1339\/revisions\/1445"}],"wp:attachment":[{"href":"https:\/\/zoelsoulful.com\/index.php\/wp-json\/wp\/v2\/media?parent=1339"}],"curies":[{"name":"wp","href":"https:\/\/api.w.org\/{rel}","templated":true}]}}