{"id":1272,"date":"2024-10-24T14:51:14","date_gmt":"2024-10-24T14:51:14","guid":{"rendered":"https:\/\/zoelsoulful.com\/?page_id=1272"},"modified":"2025-08-01T05:41:43","modified_gmt":"2025-08-01T05:41:43","slug":"tri-lieu-thu-gian-cung-chuong-xoay","status":"publish","type":"page","link":"https:\/\/zoelsoulful.com\/index.php\/tri-lieu-thu-gian-cung-chuong-xoay\/","title":{"rendered":"Tr\u1ecb li\u1ec7u &amp; Th\u01b0 Gi\u00e3n c\u00f9ng Chu\u00f4ng Xoay"},"content":{"rendered":"\n<p><\/p>\n\n\n\n<p><img loading=\"lazy\" decoding=\"async\" height=\"16\" width=\"16\" src=\"https:\/\/static.xx.fbcdn.net\/images\/emoji.php\/v9\/t12\/1\/16\/1f505.png\" alt=\"\ud83d\udd05\"><strong>Sound Healing:<\/strong><\/p>\n\n\n\n<ul class=\"wp-block-list\">\n<li>H\u1ed7 tr\u1ee3 gi\u1ea3i ph\u00f3ng n\u0103ng l\u01b0\u1ee3ng t\u1eaft ngh\u1ebdn trong c\u01a1 th\u1ec3 t\u1eeb c\u01a1 th\u1ec3 v\u1eadt l\u00fd \u0111\u1ebfn c\u01a1 th\u1ec3 c\u1ea3m x\u00fac v\u00e0 tinh th\u1ea7n, t\u1eeb \u0111\u00f3 gi\u00fap l\u00e0m s\u1ea1ch n\u0103ng l\u01b0\u1ee3ng c\u01a1 th\u1ec3<\/li>\n\n\n\n<li>Gi\u00fap th\u01b0 gi\u00e3n s\u00e2u, mang \u0111\u1ebfn c\u1ea3m gi\u00e1c b\u00ecnh y\u00ean, d\u1ec5 ch\u1ecbu, t\u1eeb \u0111\u00f3 c\u0169ng k\u00edch ho\u1ea1t c\u01a1 ch\u1ebf t\u1ef1 ch\u1eefa l\u00e0nh c\u1ee7a c\u01a1 th\u1ec3.<\/li>\n\n\n\n<li>R\u1ea5t ph\u00f9 h\u1ee3p h\u1ed7 tr\u1ee3 trong c\u00e1c tr\u01b0\u1eddng h\u1ee3p c\u0103ng th\u1eb3ng, stress, lo \u00e2u qu\u00e1 m\u1ee9c v\u00e0 c\u00e1c tri\u1ec7u ch\u1ee9ng l\u00e0 k\u1ebft qu\u1ea3 c\u1ee7a nh\u1eefng v\u1ea5n \u0111\u1ec1 tr\u00ean.<\/li>\n<\/ul>\n\n\n\n<p><img loading=\"lazy\" decoding=\"async\" height=\"16\" width=\"16\" src=\"https:\/\/static.xx.fbcdn.net\/images\/emoji.php\/v9\/t12\/1\/16\/1f505.png\" alt=\"\ud83d\udd05\"><strong>Ph\u01b0\u01a1ng ph\u00e1p:<\/strong> C\u00e1c session chu\u00f4ng xoay c\u1ee7a Zoel \u0111\u01b0\u1ee3c th\u1ef1c hi\u1ec7n v\u1edbi s\u1ef1 k\u1ebft h\u1ee3p c\u1ee7a kh\u1ea3 n\u0103ng t\u00e2m linh (psychic abilities) v\u00e0 n\u0103ng l\u01b0\u1ee3ng Reiki \u0111\u1ec3 gi\u00fap m\u1ecdi ng\u01b0\u1eddi th\u01b0 gi\u00e3n s\u00e2u nh\u1ea5t.<\/p>\n\n\n\n<ul class=\"wp-block-list\">\n<li>B\u1ed9 chu\u00f4ng \u0111\u01b0\u1ee3c s\u1eed d\u1ee5ng l\u00e0  chu\u00f4ng xoay h\u1ec7 Chi\u00eam tinh.<\/li>\n<\/ul>\n\n\n\n<p><img loading=\"lazy\" decoding=\"async\" height=\"16\" width=\"16\" src=\"https:\/\/static.xx.fbcdn.net\/images\/emoji.php\/v9\/t12\/1\/16\/1f505.png\" alt=\"\ud83d\udd05\"><strong>1 Session c\u0169ng s\u1ebd k\u00e9o d\u00e0i kho\u1ea3ng 60 ph\u00fat tu\u1ef3 tr\u01b0\u1eddng h\u1ee3p<\/strong>: Trong session Chu\u00f4ng Xoay, kh\u00e1ch ch\u1ec9 c\u1ea7n m\u1eb7c trang ph\u1ee5c tho\u1ea3i m\u00e1i, n\u1eb1m th\u01b0 gi\u00e3n, th\u1ea3 l\u1ecfng v\u00e0 c\u1ea3m nh\u1eadn t\u1ea7n s\u1ed1 \u00e2m thanh t\u1eeb chu\u00f4ng xoay \u0111i s\u00e2u v\u00e0 t\u00e1c \u0111\u1ed9ng v\u00e0o c\u01a1 th\u1ec3. Cu\u1ed1i bu\u1ed5i, kh\u00e1ch h\u00e0ng \u0111\u1ec1u s\u1ebd c\u1ea3m nh\u1eadn \u0111\u01b0\u1ee3c c\u1ea3m gi\u00e1c nh\u1eb9 nh\u00e0ng, th\u01b0 th\u00e1i r\u1ea5t d\u1ec5 ch\u1ecbu, v\u00e0 m\u1ed9t s\u1ed1 v\u1ea5n \u0111\u1ec1 c\u0169ng \u0111\u00e3 \u0111\u01b0\u1ee3c x\u1eed l\u00fd c\u1ea3i thi\u1ec7n h\u01a1n, vd \u0111au \u0111\u1ea7u, c\u0103ng th\u1eb3ng, stress, nh\u1ee9c m\u1ecfi&#8230;<\/p>\n\n\n\n<p><strong><img loading=\"lazy\" decoding=\"async\" height=\"16\" width=\"16\" src=\"https:\/\/static.xx.fbcdn.net\/images\/emoji.php\/v9\/tbc\/1\/16\/27b0.png\" alt=\"\u27b0\">Ph\u00ed trao \u0111\u1ed5i n\u0103ng l\u01b0\u1ee3ng: 1.000.000 VN\u0110\/ Session<\/strong><\/p>\n\n\n\n<p><img loading=\"lazy\" decoding=\"async\" height=\"16\" width=\"16\" src=\"https:\/\/static.xx.fbcdn.net\/images\/emoji.php\/v9\/t94\/1\/16\/1f49a.png\" alt=\"\ud83d\udc9a\">N\u1ebfu b\u1ea1n \u0111ang g\u1eb7p v\u1ea5n \u0111\u1ec1, c\u1ea7n t\u00ecm 1 ph\u01b0\u01a1ng ph\u00e1p h\u1ed7 tr\u1ee3 nh\u01b0ng ch\u01b0a bi\u1ebft ph\u01b0\u01a1ng ph\u00e1p n\u00e0o ph\u00f9 h\u1ee3p, h\u00e3y nh\u1eafn tin facebook\/ instagram cho m\u00ecnh v\u1ec1 nhu c\u1ea7u, t\u00ecnh tr\u1ea1ng ri\u00eang c\u1ee7a b\u1ea1n \u0111\u1ec3 m\u00ecnh \u0111\u1ec1 xu\u1ea5t th\u00eam. (FB: Zoelsoulful\/ Insta: Zoel.Ngoctu)<\/p>\n\n\n\n<p><img loading=\"lazy\" decoding=\"async\" height=\"16\" width=\"16\" src=\"https:\/\/static.xx.fbcdn.net\/images\/emoji.php\/v9\/t94\/1\/16\/1f49a.png\" alt=\"\ud83d\udc9a\">C\u1ea3m \u01a1n t\u1ea5t c\u1ea3 s\u1ef1 \u0111\u1ed3ng h\u00e0nh!<\/p>\n\n\n<div class=\"wp-block-image\">\n<figure class=\"aligncenter size-large is-resized\"><img loading=\"lazy\" decoding=\"async\" width=\"768\" height=\"1024\" src=\"https:\/\/zoelsoulful.com\/wp-content\/uploads\/2024\/07\/z5661898213710_4b2d23fb0ef7a9aa4605a6562cc0afe4-768x1024.jpg\" alt=\"\" class=\"wp-image-1091\" style=\"width:594px;height:auto\" srcset=\"https:\/\/zoelsoulful.com\/wp-content\/uploads\/2024\/07\/z5661898213710_4b2d23fb0ef7a9aa4605a6562cc0afe4-768x1024.jpg 768w, https:\/\/zoelsoulful.com\/wp-content\/uploads\/2024\/07\/z5661898213710_4b2d23fb0ef7a9aa4605a6562cc0afe4-225x300.jpg 225w, https:\/\/zoelsoulful.com\/wp-content\/uploads\/2024\/07\/z5661898213710_4b2d23fb0ef7a9aa4605a6562cc0afe4-1152x1536.jpg 1152w, https:\/\/zoelsoulful.com\/wp-content\/uploads\/2024\/07\/z5661898213710_4b2d23fb0ef7a9aa4605a6562cc0afe4-1536x2048.jpg 1536w, https:\/\/zoelsoulful.com\/wp-content\/uploads\/2024\/07\/z5661898213710_4b2d23fb0ef7a9aa4605a6562cc0afe4-1140x1520.jpg 1140w, https:\/\/zoelsoulful.com\/wp-content\/uploads\/2024\/07\/z5661898213710_4b2d23fb0ef7a9aa4605a6562cc0afe4.jpg 1920w\" sizes=\"auto, (max-width: 768px) 100vw, 768px\" \/><\/figure>\n<\/div>\n\n\n<p><\/p>\n","protected":false},"excerpt":{"rendered":"<p>Sound Healing: Ph\u01b0\u01a1ng ph\u00e1p: C\u00e1c session chu\u00f4ng xoay c\u1ee7a Zoel \u0111\u01b0\u1ee3c th\u1ef1c hi\u1ec7n v\u1edbi s\u1ef1 k\u1ebft h\u1ee3p c\u1ee7a kh\u1ea3 n\u0103ng t\u00e2m linh (psychic abilities) v\u00e0 &hellip;<\/p>\n","protected":false},"author":1,"featured_media":0,"parent":0,"menu_order":0,"comment_status":"closed","ping_status":"closed","template":"","meta":{"_monsterinsights_skip_tracking":false,"_monsterinsights_sitenote_active":false,"_monsterinsights_sitenote_note":"","_monsterinsights_sitenote_category":0,"footnotes":""},"class_list":["post-1272","page","type-page","status-publish","hentry"],"yoast_head":"<!-- This site is optimized with the Yoast SEO plugin v23.1 - https:\/\/yoast.com\/wordpress\/plugins\/seo\/ -->\n<title>Tr\u1ecb li\u1ec7u &amp; Th\u01b0 Gi\u00e3n c\u00f9ng Chu\u00f4ng Xoay - ZOELSOULFUL<\/title>\n<meta name=\"description\" content=\"Cu\u1ed1i bu\u1ed5i, kh\u00e1ch h\u00e0ng \u0111\u1ec1u s\u1ebd c\u1ea3m nh\u1eadn \u0111\u01b0\u1ee3c c\u1ea3m gi\u00e1c nh\u1eb9 nh\u00e0ng, th\u01b0 th\u00e1i r\u1ea5t d\u1ec5 ch\u1ecbu, v\u00e0 m\u1ed9t s\u1ed1 v\u1ea5n \u0111\u1ec1 c\u0169ng \u0111\u00e3 \u0111\u01b0\u1ee3c x\u1eed l\u00fd c\u1ea3i thi\u1ec7n h\u01a1n, vd \u0111au \u0111\u1ea7u, c\u0103ng th\u1eb3ng, stress, nh\u1ee9c m\u1ecfi...\" \/>\n<meta name=\"robots\" content=\"index, follow, max-snippet:-1, max-image-preview:large, max-video-preview:-1\" \/>\n<link rel=\"canonical\" href=\"https:\/\/zoelsoulful.com\/index.php\/tri-lieu-thu-gian-cung-chuong-xoay\/\" \/>\n<meta property=\"og:locale\" content=\"vi_VN\" \/>\n<meta property=\"og:type\" content=\"article\" \/>\n<meta property=\"og:title\" content=\"Tr\u1ecb li\u1ec7u &amp; Th\u01b0 Gi\u00e3n c\u00f9ng Chu\u00f4ng Xoay - ZOELSOULFUL\" \/>\n<meta property=\"og:description\" content=\"Cu\u1ed1i bu\u1ed5i, kh\u00e1ch h\u00e0ng \u0111\u1ec1u s\u1ebd c\u1ea3m nh\u1eadn \u0111\u01b0\u1ee3c c\u1ea3m gi\u00e1c nh\u1eb9 nh\u00e0ng, th\u01b0 th\u00e1i r\u1ea5t d\u1ec5 ch\u1ecbu, v\u00e0 m\u1ed9t s\u1ed1 v\u1ea5n \u0111\u1ec1 c\u0169ng \u0111\u00e3 \u0111\u01b0\u1ee3c x\u1eed l\u00fd c\u1ea3i thi\u1ec7n h\u01a1n, vd \u0111au \u0111\u1ea7u, c\u0103ng th\u1eb3ng, stress, nh\u1ee9c m\u1ecfi...\" \/>\n<meta property=\"og:url\" content=\"https:\/\/zoelsoulful.com\/index.php\/tri-lieu-thu-gian-cung-chuong-xoay\/\" \/>\n<meta property=\"og:site_name\" content=\"ZOELSOULFUL\" \/>\n<meta property=\"article:publisher\" content=\"https:\/\/www.facebook.com\/Zoelsoulful\" \/>\n<meta property=\"article:modified_time\" content=\"2025-08-01T05:41:43+00:00\" \/>\n<meta property=\"og:image\" content=\"https:\/\/static.xx.fbcdn.net\/images\/emoji.php\/v9\/t12\/1\/16\/1f505.png\" \/>\n<meta name=\"twitter:card\" content=\"summary_large_image\" \/>\n<meta name=\"twitter:label1\" content=\"\u01af\u1edbc t\u00ednh th\u1eddi gian \u0111\u1ecdc\" \/>\n\t<meta name=\"twitter:data1\" content=\"3 ph\u00fat\" \/>\n<script type=\"application\/ld+json\" class=\"yoast-schema-graph\">{\"@context\":\"https:\/\/schema.org\",\"@graph\":[{\"@type\":\"WebPage\",\"@id\":\"https:\/\/zoelsoulful.com\/index.php\/tri-lieu-thu-gian-cung-chuong-xoay\/\",\"url\":\"https:\/\/zoelsoulful.com\/index.php\/tri-lieu-thu-gian-cung-chuong-xoay\/\",\"name\":\"Tr\u1ecb li\u1ec7u &amp; Th\u01b0 Gi\u00e3n c\u00f9ng Chu\u00f4ng Xoay - ZOELSOULFUL\",\"isPartOf\":{\"@id\":\"https:\/\/zoelsoulful.com\/#website\"},\"primaryImageOfPage\":{\"@id\":\"https:\/\/zoelsoulful.com\/index.php\/tri-lieu-thu-gian-cung-chuong-xoay\/#primaryimage\"},\"image\":{\"@id\":\"https:\/\/zoelsoulful.com\/index.php\/tri-lieu-thu-gian-cung-chuong-xoay\/#primaryimage\"},\"thumbnailUrl\":\"https:\/\/static.xx.fbcdn.net\/images\/emoji.php\/v9\/t12\/1\/16\/1f505.png\",\"datePublished\":\"2024-10-24T14:51:14+00:00\",\"dateModified\":\"2025-08-01T05:41:43+00:00\",\"description\":\"Cu\u1ed1i bu\u1ed5i, kh\u00e1ch h\u00e0ng \u0111\u1ec1u s\u1ebd c\u1ea3m nh\u1eadn \u0111\u01b0\u1ee3c c\u1ea3m gi\u00e1c nh\u1eb9 nh\u00e0ng, th\u01b0 th\u00e1i r\u1ea5t d\u1ec5 ch\u1ecbu, v\u00e0 m\u1ed9t s\u1ed1 v\u1ea5n \u0111\u1ec1 c\u0169ng \u0111\u00e3 \u0111\u01b0\u1ee3c x\u1eed l\u00fd c\u1ea3i thi\u1ec7n h\u01a1n, vd \u0111au \u0111\u1ea7u, c\u0103ng th\u1eb3ng, stress, nh\u1ee9c m\u1ecfi...\",\"breadcrumb\":{\"@id\":\"https:\/\/zoelsoulful.com\/index.php\/tri-lieu-thu-gian-cung-chuong-xoay\/#breadcrumb\"},\"inLanguage\":\"vi\",\"potentialAction\":[{\"@type\":\"ReadAction\",\"target\":[\"https:\/\/zoelsoulful.com\/index.php\/tri-lieu-thu-gian-cung-chuong-xoay\/\"]}]},{\"@type\":\"ImageObject\",\"inLanguage\":\"vi\",\"@id\":\"https:\/\/zoelsoulful.com\/index.php\/tri-lieu-thu-gian-cung-chuong-xoay\/#primaryimage\",\"url\":\"https:\/\/static.xx.fbcdn.net\/images\/emoji.php\/v9\/t12\/1\/16\/1f505.png\",\"contentUrl\":\"https:\/\/static.xx.fbcdn.net\/images\/emoji.php\/v9\/t12\/1\/16\/1f505.png\"},{\"@type\":\"BreadcrumbList\",\"@id\":\"https:\/\/zoelsoulful.com\/index.php\/tri-lieu-thu-gian-cung-chuong-xoay\/#breadcrumb\",\"itemListElement\":[{\"@type\":\"ListItem\",\"position\":1,\"name\":\"Trang ch\u1ee7\",\"item\":\"https:\/\/zoelsoulful.com\/\"},{\"@type\":\"ListItem\",\"position\":2,\"name\":\"Tr\u1ecb li\u1ec7u &amp; Th\u01b0 Gi\u00e3n c\u00f9ng Chu\u00f4ng Xoay\"}]},{\"@type\":\"WebSite\",\"@id\":\"https:\/\/zoelsoulful.com\/#website\",\"url\":\"https:\/\/zoelsoulful.com\/\",\"name\":\"ZOELSOULFUL\",\"description\":\"A Spiritual Practitioner\",\"publisher\":{\"@id\":\"https:\/\/zoelsoulful.com\/#\/schema\/person\/b24e7f8e7047df8472246775cf580098\"},\"potentialAction\":[{\"@type\":\"SearchAction\",\"target\":{\"@type\":\"EntryPoint\",\"urlTemplate\":\"https:\/\/zoelsoulful.com\/?s={search_term_string}\"},\"query-input\":\"required name=search_term_string\"}],\"inLanguage\":\"vi\"},{\"@type\":[\"Person\",\"Organization\"],\"@id\":\"https:\/\/zoelsoulful.com\/#\/schema\/person\/b24e7f8e7047df8472246775cf580098\",\"name\":\"admin\",\"image\":{\"@type\":\"ImageObject\",\"inLanguage\":\"vi\",\"@id\":\"https:\/\/zoelsoulful.com\/#\/schema\/person\/image\/\",\"url\":\"https:\/\/secure.gravatar.com\/avatar\/cd5e5ffda82f8bed381b67037d55103f520cefb9cd68086c7acd0d4d0873d9bc?s=96&d=mm&r=g\",\"contentUrl\":\"https:\/\/secure.gravatar.com\/avatar\/cd5e5ffda82f8bed381b67037d55103f520cefb9cd68086c7acd0d4d0873d9bc?s=96&d=mm&r=g\",\"caption\":\"admin\"},\"logo\":{\"@id\":\"https:\/\/zoelsoulful.com\/#\/schema\/person\/image\/\"},\"sameAs\":[\"https:\/\/personal.demotheme.matbao.support\",\"https:\/\/www.facebook.com\/Zoelsoulful\",\"https:\/\/www.instagram.com\/zoelsoulful\/\"]}]}<\/script>\n<!-- \/ Yoast SEO plugin. -->","yoast_head_json":{"title":"Tr\u1ecb li\u1ec7u &amp; Th\u01b0 Gi\u00e3n c\u00f9ng Chu\u00f4ng Xoay - ZOELSOULFUL","description":"Cu\u1ed1i bu\u1ed5i, kh\u00e1ch h\u00e0ng \u0111\u1ec1u s\u1ebd c\u1ea3m nh\u1eadn \u0111\u01b0\u1ee3c c\u1ea3m gi\u00e1c nh\u1eb9 nh\u00e0ng, th\u01b0 th\u00e1i r\u1ea5t d\u1ec5 ch\u1ecbu, v\u00e0 m\u1ed9t s\u1ed1 v\u1ea5n \u0111\u1ec1 c\u0169ng \u0111\u00e3 \u0111\u01b0\u1ee3c x\u1eed l\u00fd c\u1ea3i thi\u1ec7n h\u01a1n, vd \u0111au \u0111\u1ea7u, c\u0103ng th\u1eb3ng, stress, nh\u1ee9c m\u1ecfi...","robots":{"index":"index","follow":"follow","max-snippet":"max-snippet:-1","max-image-preview":"max-image-preview:large","max-video-preview":"max-video-preview:-1"},"canonical":"https:\/\/zoelsoulful.com\/index.php\/tri-lieu-thu-gian-cung-chuong-xoay\/","og_locale":"vi_VN","og_type":"article","og_title":"Tr\u1ecb li\u1ec7u &amp; Th\u01b0 Gi\u00e3n c\u00f9ng Chu\u00f4ng Xoay - ZOELSOULFUL","og_description":"Cu\u1ed1i bu\u1ed5i, kh\u00e1ch h\u00e0ng \u0111\u1ec1u s\u1ebd c\u1ea3m nh\u1eadn \u0111\u01b0\u1ee3c c\u1ea3m gi\u00e1c nh\u1eb9 nh\u00e0ng, th\u01b0 th\u00e1i r\u1ea5t d\u1ec5 ch\u1ecbu, v\u00e0 m\u1ed9t s\u1ed1 v\u1ea5n \u0111\u1ec1 c\u0169ng \u0111\u00e3 \u0111\u01b0\u1ee3c x\u1eed l\u00fd c\u1ea3i thi\u1ec7n h\u01a1n, vd \u0111au \u0111\u1ea7u, c\u0103ng th\u1eb3ng, stress, nh\u1ee9c m\u1ecfi...","og_url":"https:\/\/zoelsoulful.com\/index.php\/tri-lieu-thu-gian-cung-chuong-xoay\/","og_site_name":"ZOELSOULFUL","article_publisher":"https:\/\/www.facebook.com\/Zoelsoulful","article_modified_time":"2025-08-01T05:41:43+00:00","og_image":[{"url":"https:\/\/static.xx.fbcdn.net\/images\/emoji.php\/v9\/t12\/1\/16\/1f505.png"}],"twitter_card":"summary_large_image","twitter_misc":{"\u01af\u1edbc t\u00ednh th\u1eddi gian \u0111\u1ecdc":"3 ph\u00fat"},"schema":{"@context":"https:\/\/schema.org","@graph":[{"@type":"WebPage","@id":"https:\/\/zoelsoulful.com\/index.php\/tri-lieu-thu-gian-cung-chuong-xoay\/","url":"https:\/\/zoelsoulful.com\/index.php\/tri-lieu-thu-gian-cung-chuong-xoay\/","name":"Tr\u1ecb li\u1ec7u &amp; Th\u01b0 Gi\u00e3n c\u00f9ng Chu\u00f4ng Xoay - ZOELSOULFUL","isPartOf":{"@id":"https:\/\/zoelsoulful.com\/#website"},"primaryImageOfPage":{"@id":"https:\/\/zoelsoulful.com\/index.php\/tri-lieu-thu-gian-cung-chuong-xoay\/#primaryimage"},"image":{"@id":"https:\/\/zoelsoulful.com\/index.php\/tri-lieu-thu-gian-cung-chuong-xoay\/#primaryimage"},"thumbnailUrl":"https:\/\/static.xx.fbcdn.net\/images\/emoji.php\/v9\/t12\/1\/16\/1f505.png","datePublished":"2024-10-24T14:51:14+00:00","dateModified":"2025-08-01T05:41:43+00:00","description":"Cu\u1ed1i bu\u1ed5i, kh\u00e1ch h\u00e0ng \u0111\u1ec1u s\u1ebd c\u1ea3m nh\u1eadn \u0111\u01b0\u1ee3c c\u1ea3m gi\u00e1c nh\u1eb9 nh\u00e0ng, th\u01b0 th\u00e1i r\u1ea5t d\u1ec5 ch\u1ecbu, v\u00e0 m\u1ed9t s\u1ed1 v\u1ea5n \u0111\u1ec1 c\u0169ng \u0111\u00e3 \u0111\u01b0\u1ee3c x\u1eed l\u00fd c\u1ea3i thi\u1ec7n h\u01a1n, vd \u0111au \u0111\u1ea7u, c\u0103ng th\u1eb3ng, stress, nh\u1ee9c m\u1ecfi...","breadcrumb":{"@id":"https:\/\/zoelsoulful.com\/index.php\/tri-lieu-thu-gian-cung-chuong-xoay\/#breadcrumb"},"inLanguage":"vi","potentialAction":[{"@type":"ReadAction","target":["https:\/\/zoelsoulful.com\/index.php\/tri-lieu-thu-gian-cung-chuong-xoay\/"]}]},{"@type":"ImageObject","inLanguage":"vi","@id":"https:\/\/zoelsoulful.com\/index.php\/tri-lieu-thu-gian-cung-chuong-xoay\/#primaryimage","url":"https:\/\/static.xx.fbcdn.net\/images\/emoji.php\/v9\/t12\/1\/16\/1f505.png","contentUrl":"https:\/\/static.xx.fbcdn.net\/images\/emoji.php\/v9\/t12\/1\/16\/1f505.png"},{"@type":"BreadcrumbList","@id":"https:\/\/zoelsoulful.com\/index.php\/tri-lieu-thu-gian-cung-chuong-xoay\/#breadcrumb","itemListElement":[{"@type":"ListItem","position":1,"name":"Trang ch\u1ee7","item":"https:\/\/zoelsoulful.com\/"},{"@type":"ListItem","position":2,"name":"Tr\u1ecb li\u1ec7u &amp; Th\u01b0 Gi\u00e3n c\u00f9ng Chu\u00f4ng Xoay"}]},{"@type":"WebSite","@id":"https:\/\/zoelsoulful.com\/#website","url":"https:\/\/zoelsoulful.com\/","name":"ZOELSOULFUL","description":"A Spiritual Practitioner","publisher":{"@id":"https:\/\/zoelsoulful.com\/#\/schema\/person\/b24e7f8e7047df8472246775cf580098"},"potentialAction":[{"@type":"SearchAction","target":{"@type":"EntryPoint","urlTemplate":"https:\/\/zoelsoulful.com\/?s={search_term_string}"},"query-input":"required name=search_term_string"}],"inLanguage":"vi"},{"@type":["Person","Organization"],"@id":"https:\/\/zoelsoulful.com\/#\/schema\/person\/b24e7f8e7047df8472246775cf580098","name":"admin","image":{"@type":"ImageObject","inLanguage":"vi","@id":"https:\/\/zoelsoulful.com\/#\/schema\/person\/image\/","url":"https:\/\/secure.gravatar.com\/avatar\/cd5e5ffda82f8bed381b67037d55103f520cefb9cd68086c7acd0d4d0873d9bc?s=96&d=mm&r=g","contentUrl":"https:\/\/secure.gravatar.com\/avatar\/cd5e5ffda82f8bed381b67037d55103f520cefb9cd68086c7acd0d4d0873d9bc?s=96&d=mm&r=g","caption":"admin"},"logo":{"@id":"https:\/\/zoelsoulful.com\/#\/schema\/person\/image\/"},"sameAs":["https:\/\/personal.demotheme.matbao.support","https:\/\/www.facebook.com\/Zoelsoulful","https:\/\/www.instagram.com\/zoelsoulful\/"]}]}},"_links":{"self":[{"href":"https:\/\/zoelsoulful.com\/index.php\/wp-json\/wp\/v2\/pages\/1272","targetHints":{"allow":["GET"]}}],"collection":[{"href":"https:\/\/zoelsoulful.com\/index.php\/wp-json\/wp\/v2\/pages"}],"about":[{"href":"https:\/\/zoelsoulful.com\/index.php\/wp-json\/wp\/v2\/types\/page"}],"author":[{"embeddable":true,"href":"https:\/\/zoelsoulful.com\/index.php\/wp-json\/wp\/v2\/users\/1"}],"replies":[{"embeddable":true,"href":"https:\/\/zoelsoulful.com\/index.php\/wp-json\/wp\/v2\/comments?post=1272"}],"version-history":[{"count":6,"href":"https:\/\/zoelsoulful.com\/index.php\/wp-json\/wp\/v2\/pages\/1272\/revisions"}],"predecessor-version":[{"id":1450,"href":"https:\/\/zoelsoulful.com\/index.php\/wp-json\/wp\/v2\/pages\/1272\/revisions\/1450"}],"wp:attachment":[{"href":"https:\/\/zoelsoulful.com\/index.php\/wp-json\/wp\/v2\/media?parent=1272"}],"curies":[{"name":"wp","href":"https:\/\/api.w.org\/{rel}","templated":true}]}}